{"id":39,"date":"2024-06-04T13:43:33","date_gmt":"2024-06-04T13:43:33","guid":{"rendered":"https:\/\/paratodosverem.com.br\/novo\/about\/"},"modified":"2024-07-12T16:28:45","modified_gmt":"2024-07-12T16:28:45","slug":"nossos-servicos","status":"publish","type":"page","link":"https:\/\/paratodosverem.com.br\/novo\/nossos-servicos\/","title":{"rendered":"Nossos Servi\u00e7os"},"content":{"rendered":"\t\t<div data-elementor-type=\"wp-page\" data-elementor-id=\"39\" class=\"elementor elementor-39\">\n\t\t\t\t<div class=\"elementor-element elementor-element-2f3bfc3d e-flex e-con-boxed e-con e-parent\" data-id=\"2f3bfc3d\" data-element_type=\"container\">\n\t\t\t\t\t<div class=\"e-con-inner\">\n\t\t<div class=\"elementor-element elementor-element-d969fc3 e-con-full e-flex e-con e-child\" data-id=\"d969fc3\" data-element_type=\"container\" data-settings=\"{&quot;background_background&quot;:&quot;classic&quot;}\">\n\t\t<div class=\"elementor-element elementor-element-02e0421 e-con-full e-flex e-con e-child\" data-id=\"02e0421\" data-element_type=\"container\">\n\t\t\t\t<div class=\"elementor-element elementor-element-e1085c7 animated-fast elementor-position-top elementor-invisible elementor-widget elementor-widget-image-box\" data-id=\"e1085c7\" data-element_type=\"widget\" data-settings=\"{&quot;_animation&quot;:&quot;fadeInUp&quot;}\" data-widget_type=\"image-box.default\">\n\t\t\t\t<div class=\"elementor-widget-container\">\n\t\t\t<style>\/*! elementor - v3.22.0 - 26-06-2024 *\/\n.elementor-widget-image-box .elementor-image-box-content{width:100%}@media (min-width:768px){.elementor-widget-image-box.elementor-position-left .elementor-image-box-wrapper,.elementor-widget-image-box.elementor-position-right .elementor-image-box-wrapper{display:flex}.elementor-widget-image-box.elementor-position-right .elementor-image-box-wrapper{text-align:end;flex-direction:row-reverse}.elementor-widget-image-box.elementor-position-left .elementor-image-box-wrapper{text-align:start;flex-direction:row}.elementor-widget-image-box.elementor-position-top .elementor-image-box-img{margin:auto}.elementor-widget-image-box.elementor-vertical-align-top .elementor-image-box-wrapper{align-items:flex-start}.elementor-widget-image-box.elementor-vertical-align-middle .elementor-image-box-wrapper{align-items:center}.elementor-widget-image-box.elementor-vertical-align-bottom .elementor-image-box-wrapper{align-items:flex-end}}@media (max-width:767px){.elementor-widget-image-box .elementor-image-box-img{margin-left:auto!important;margin-right:auto!important;margin-bottom:15px}}.elementor-widget-image-box .elementor-image-box-img{display:inline-block}.elementor-widget-image-box .elementor-image-box-title a{color:inherit}.elementor-widget-image-box .elementor-image-box-wrapper{text-align:center}.elementor-widget-image-box .elementor-image-box-description{margin:0}<\/style><div class=\"elementor-image-box-wrapper\"><figure class=\"elementor-image-box-img\"><img fetchpriority=\"high\" decoding=\"async\" width=\"404\" height=\"458\" src=\"https:\/\/paratodosverem.com.br\/novo\/wp-content\/uploads\/2024\/06\/headphone.png\" class=\"attachment-full size-full wp-image-412\" alt=\"Comunica\u00e7\u00e3o acess\u00edvel para eventos\" srcset=\"https:\/\/paratodosverem.com.br\/novo\/wp-content\/uploads\/2024\/06\/headphone.png 404w, https:\/\/paratodosverem.com.br\/novo\/wp-content\/uploads\/2024\/06\/headphone-265x300.png 265w\" sizes=\"(max-width: 404px) 100vw, 404px\" \/><\/figure><div class=\"elementor-image-box-content\"><h3 class=\"elementor-image-box-title\">Comunica\u00e7\u00e3o acess\u00edvel para eventos<\/h3><p class=\"elementor-image-box-description\">A comunica\u00e7\u00e3o acess\u00edvel em eventos, sejam eles realizados ao vivo, online ou gravados, resulta da utiliza\u00e7\u00e3o dos recursos de audiodescri\u00e7\u00e3o, Libras, legenda descritiva, entre outros servi\u00e7os especializados.<\/p><\/div><\/div>\t\t<\/div>\n\t\t\t\t<\/div>\n\t\t\t\t<\/div>\n\t\t<div class=\"elementor-element elementor-element-7293076 e-con-full e-flex e-con e-child\" data-id=\"7293076\" data-element_type=\"container\">\n\t\t\t\t<div class=\"elementor-element elementor-element-4f62f81 animated-fast elementor-position-top elementor-invisible elementor-widget elementor-widget-image-box\" data-id=\"4f62f81\" data-element_type=\"widget\" data-settings=\"{&quot;_animation&quot;:&quot;fadeInUp&quot;}\" data-widget_type=\"image-box.default\">\n\t\t\t\t<div class=\"elementor-widget-container\">\n\t\t\t<div class=\"elementor-image-box-wrapper\"><figure class=\"elementor-image-box-img\"><img decoding=\"async\" width=\"250\" height=\"250\" src=\"https:\/\/paratodosverem.com.br\/novo\/wp-content\/uploads\/2024\/07\/acessibilidades-servicos.png\" class=\"attachment-full size-full wp-image-765\" alt=\"\" srcset=\"https:\/\/paratodosverem.com.br\/novo\/wp-content\/uploads\/2024\/07\/acessibilidades-servicos.png 250w, https:\/\/paratodosverem.com.br\/novo\/wp-content\/uploads\/2024\/07\/acessibilidades-servicos-150x150.png 150w\" sizes=\"(max-width: 250px) 100vw, 250px\" \/><\/figure><div class=\"elementor-image-box-content\"><h3 class=\"elementor-image-box-title\">Produ\u00e7\u00e3o de conte\u00fado acess\u00edvel<\/h3><p class=\"elementor-image-box-description\">Inser\u00e7\u00e3o dos recursos de acessibildade - janela de Libras, audiodescri\u00e7\u00e3o e legenda descritiva - em v\u00eddeos institucionais, filmes, fotos, ilustra\u00e7\u00f5es entre outros materiais audiovisuais.<\/p><\/div><\/div>\t\t<\/div>\n\t\t\t\t<\/div>\n\t\t\t\t<\/div>\n\t\t<div class=\"elementor-element elementor-element-1a65a0f e-con-full e-flex e-con e-child\" data-id=\"1a65a0f\" data-element_type=\"container\">\n\t\t\t\t<div class=\"elementor-element elementor-element-8e6a981 animated-fast elementor-position-top elementor-invisible elementor-widget elementor-widget-image-box\" data-id=\"8e6a981\" data-element_type=\"widget\" data-settings=\"{&quot;_animation&quot;:&quot;fadeInUp&quot;}\" data-widget_type=\"image-box.default\">\n\t\t\t\t<div class=\"elementor-widget-container\">\n\t\t\t<div class=\"elementor-image-box-wrapper\"><figure class=\"elementor-image-box-img\"><img decoding=\"async\" width=\"250\" height=\"250\" src=\"https:\/\/paratodosverem.com.br\/novo\/wp-content\/uploads\/2024\/07\/acessibilidades-midias-sociais.png\" class=\"attachment-full size-full wp-image-766\" alt=\"\" srcset=\"https:\/\/paratodosverem.com.br\/novo\/wp-content\/uploads\/2024\/07\/acessibilidades-midias-sociais.png 250w, https:\/\/paratodosverem.com.br\/novo\/wp-content\/uploads\/2024\/07\/acessibilidades-midias-sociais-150x150.png 150w\" sizes=\"(max-width: 250px) 100vw, 250px\" \/><\/figure><div class=\"elementor-image-box-content\"><h3 class=\"elementor-image-box-title\">Acessibilidade nas redes sociais<\/h3><p class=\"elementor-image-box-description\">As redes sociais s\u00e3o importantes ferramentas n\u00e3o s\u00f3 para relacionamento, mas para divulga\u00e7\u00e3o do seu neg\u00f3cio. Para uma comunica\u00e7\u00e3o eficaz com o p\u00fablico n\u00e3o vidente, oferecemos servi\u00e7os n\u00e3o s\u00f3 de audiodescri\u00e7\u00e3o da comunica\u00e7\u00e3o visual, mas de adapta\u00e7\u00e3o do conte\u00fado. Visite nossas redes sociais e conhe\u00e7a um pouco sobre este trabalho.<\/p><\/div><\/div>\t\t<\/div>\n\t\t\t\t<\/div>\n\t\t\t\t<\/div>\n\t\t\t\t<\/div>\n\t\t\t\t\t<\/div>\n\t\t\t\t<\/div>\n\t\t<div class=\"elementor-element elementor-element-b037ae7 e-flex e-con-boxed e-con e-parent\" data-id=\"b037ae7\" data-element_type=\"container\">\n\t\t\t\t\t<div class=\"e-con-inner\">\n\t\t\t\t<div class=\"elementor-element elementor-element-4c5e640a elementor-widget elementor-widget-text-editor\" data-id=\"4c5e640a\" data-element_type=\"widget\" data-widget_type=\"text-editor.default\">\n\t\t\t\t<div class=\"elementor-widget-container\">\n\t\t\t<style>\/*! elementor - v3.22.0 - 26-06-2024 *\/\n.elementor-widget-text-editor.elementor-drop-cap-view-stacked .elementor-drop-cap{background-color:#69727d;color:#fff}.elementor-widget-text-editor.elementor-drop-cap-view-framed .elementor-drop-cap{color:#69727d;border:3px solid;background-color:transparent}.elementor-widget-text-editor:not(.elementor-drop-cap-view-default) .elementor-drop-cap{margin-top:8px}.elementor-widget-text-editor:not(.elementor-drop-cap-view-default) .elementor-drop-cap-letter{width:1em;height:1em}.elementor-widget-text-editor .elementor-drop-cap{float:left;text-align:center;line-height:1;font-size:50px}.elementor-widget-text-editor .elementor-drop-cap-letter{display:inline-block}<\/style>\t\t\t\t<!-- wp:pagelayer\/pl_post_props {\"post_title\":\"About\",\"post_name\":\"about\",\"post_status\":\"publish\",\"featured_image\":\"\",\"post_excerpt\":\"\",\"pagelayer-id\":\"ygz3109\"} \/--><!-- wp:pagelayer\/pl_row {\"stretch\":\"auto\",\"col_gap\":\"0\",\"width_content\":\"auto\",\"row_height\":\"default\",\"overlay_hover_delay\":\"400\",\"row_shape_top_color\":\"#227bc3\",\"row_shape_top_width\":\"100\",\"row_shape_top_height\":\"100\",\"row_shape_bottom_color\":\"#e44993\",\"row_shape_bottom_width\":\"100\",\"row_shape_bottom_height\":\"100\",\"ele_margin\":\"60px,0px,0px,0px\",\"ele_padding\":\"0px,0px,0px,0px\",\"ele_margin_mobile\":\"40px,0px,0px,0px\",\"ele_padding_mobile\":\"0px,0px,0px,0px\",\"ele_margin_tablet\":\"40px,0px,0px,0px\",\"ele_padding_tablet\":\"0px,0px,0px,0px\",\"pagelayer-id\":\"bip2540\"} --><!-- wp:pagelayer\/pl_col {\"widget_space\":\"0\",\"overlay_hover_delay\":\"400\",\"ele_padding\":\"0px,15px,0px,15px\",\"ele_margin\":\"0px,0px,0px,0px\",\"ele_bg_type\":\"\",\"ele_bg_color\":\"#222931ff\",\"content_pos\":\"center\",\"ele_padding_mobile\":\"10px,10px,10px,10px\",\"col_width_mobile\":\"100\",\"ele_padding_tablet\":\"15px,15px,10px,15px\",\"col\":\"6\",\"pagelayer-id\":\"gvn8151\"} --><!-- wp:pagelayer\/pl_heading {\"heading_state\":\"normal\",\"color\":\"\",\"align\":\"left\",\"heading_typo\":\",,,,,,Solid,,,,\",\"ele_padding\":\"0px,0px,0px,0px\",\"animation\":\"\",\"animation_delay\":\"600\",\"heading_typo_mobile\":\",,,,,,Solid,,,,\",\"heading_typo_tablet\":\",,,,,,Solid,,,,\",\"text\":\"\\u003ch2\\u003eAbout Us\\u003c\/h2\\u003e\",\"pagelayer-id\":\"l6c7475\"} -->\n<h2 class=\"wb-stl-custom4\" data-dnid=\"30127\">A\u00e7\u00f5es conjuntas<\/h2>\n<!-- \/wp:pagelayer\/pl_heading --><!-- wp:pagelayer\/pl_heading {\"heading_state\":\"normal\",\"color\":\"\",\"align\":\"left\",\"heading_typo\":\",,,,,,Solid,,,,\",\"ele_padding\":\"5px,0px,5px,0px\",\"animation\":\"\",\"animation_delay\":\"600\",\"animation_speed\":\"slow\",\"text\":\"\\u003cp\\u003eLorem ipsum dolor sit amet, consectetur adipiscing elit, sed do eiusmod tempor incididunt ut labore et dolore magna aliqua. Ut enim ad minim veniam, quis nostrud exercitation ullamco laboris nisi ut aliquip ex ea commodo consequat. Duis aute irure dolor in reprehenderit in voluptate velit esse cillum dolore eu fugiat nulla pariatur. Excepteur sint occaecat cupidatat non proident, sunt in culpa qui officia deserunt mollit anim id est laborum.\\u003c\/p\\u003e\",\"pagelayer-id\":\"z9q7184\"} --><!-- \/wp:pagelayer\/pl_heading --><!-- wp:pagelayer\/pl_btn {\"text\":\"Read More\",\"align\":\"center\",\"type\":\"pagelayer-btn-anim\",\"size\":\"pagelayer-btn-custom\",\"btn_hover_delay\":\"600\",\"icon_position\":\"pagelayer-btn-icon-left\",\"icon_spacing\":\"0\",\"link\":\"#\",\"btn_typo\":\"Cabin,15,Normal,900,Normal,None,Solid,1,Uppercase,0,0\",\"btn_custom_size\":\"35\",\"anim_type\":\"slide\",\"btn_bg_color\":\"#efc2bdff\",\"btn_color\":\"#222931ff\",\"btn_bg_color_hover\":\"#222931ff\",\"direction\":\"pagelayer-btn-anim-left\",\"btn_hover\":\"\",\"btn_color_hover\":\"#ffffffff\",\"ele_padding\":\"10px,0px,0px,0px\",\"animation\":\"\",\"animation_delay\":\"600\",\"animation_speed\":\"slowest\",\"pagelayer-id\":\"zh25748\"} \/--><!-- \/wp:pagelayer\/pl_col --><!-- wp:pagelayer\/pl_col {\"widget_space\":\"0\",\"overlay_hover_delay\":\"400\",\"ele_padding\":\"0px,15px,0px,15px\",\"ele_margin\":\"0px,0px,0px,0px\",\"col_width_mobile\":\"100\",\"ele_padding_mobile\":\"10px,10px,10px,10px\",\"ele_padding_tablet\":\"15px,15px,15px,15px\",\"col_width_tablet\":\"100\",\"col_width\":\"50\",\"pagelayer-id\":\"x1t2291\"} --><!-- wp:pagelayer\/pl_image {\"id\":\"5\",\"id-size\":\"full\",\"align\":\"center\",\"img_hover\":\"normal\",\"img_hover_delay\":\"400\",\"caption_color\":\"#0986c0\",\"max-width\":\"100\",\"ele_shadow\":\"100,100,0,#5d5d5d99,-70,\",\"animation\":\"\",\"animation_delay\":\"600\",\"max-width_tablet\":\"100\",\"text\":\"\\n\",\"pagelayer-id\":\"40k8424\"} --><!-- \/wp:pagelayer\/pl_image --><!-- \/wp:pagelayer\/pl_col --><!-- \/wp:pagelayer\/pl_row --><!-- wp:pagelayer\/pl_row {\"stretch\":\"auto\",\"col_gap\":\"0\",\"width_content\":\"auto\",\"row_height\":\"default\",\"overlay_hover_delay\":\"400\",\"row_shape_top_color\":\"#227bc3\",\"row_shape_top_width\":\"100\",\"row_shape_top_height\":\"100\",\"row_shape_bottom_color\":\"#e44993\",\"row_shape_bottom_width\":\"100\",\"row_shape_bottom_height\":\"100\",\"ele_margin\":\"60px,0px,0px,0px\",\"ele_margin_mobile\":\"40px,0px,0px,0px\",\"ele_padding_mobile\":\"0px,0px,0px,0px\",\"ele_margin_tablet\":\"40px,0px,0px,0px\",\"pagelayer-id\":\"wgj1299\"} --><!-- wp:pagelayer\/pl_col {\"widget_space\":\"0\",\"overlay_hover_delay\":\"400\",\"col_width\":\"100\",\"ele_padding\":\"0px,15px,0px,15px\",\"ele_padding_mobile\":\"10px,10px,0px,10px\",\"col_width_mobile\":\"100\",\"ele_padding_tablet\":\"10px,10px,10px,10px\",\"col_width_tablet\":\"100\",\"pagelayer-id\":\"ut03050\"} --><!-- wp:pagelayer\/pl_heading {\"heading_state\":\"normal\",\"color\":\"\",\"align\":\"center\",\"heading_typo\":\",,,,,,Solid,,,,\",\"animation\":\"\",\"animation_delay\":\"600\",\"heading_typo_mobile\":\",,,,,,Solid,,,,\",\"heading_typo_tablet\":\",,,,,,Solid,,,,\",\"text\":\"\\u003ch2\\u003eWhy Choose Us\\u003c\/h2\\u003e\",\"pagelayer-id\":\"0ck5904\"} --><!-- \/wp:pagelayer\/pl_heading --><!-- wp:pagelayer\/pl_btn_grp {\"align\":\"left\",\"group_layout\":\"horizontal\",\"vindent\":\"3\",\"hindent\":\"10\",\"ele_padding\":\"20px,0px,20px,0px\",\"animation\":\"\",\"animation_delay\":\"600\",\"animation_speed\":\"slowest\",\"ele_padding_mobile\":\"10px,00px,0px,0px\",\"ele_padding_tablet\":\"10px,0px,0px,0px\",\"pagelayer-id\":\"g6f5024\"} --><!-- wp:pagelayer\/pl_btn {\"text\":\"Read More\",\"align\":\"left\",\"type\":\"pagelayer-btn-anim\",\"size\":\"pagelayer-btn-small\",\"btn_hover_delay\":\"600\",\"icon_position\":\"pagelayer-btn-icon-left\",\"icon_spacing\":\"0\",\"link\":\"#\",\"btn_typo\":\",,,,,,Solid,,Uppercase,,\",\"btn_custom_size\":\"25\",\"anim_type\":\"slide\",\"btn_bg_color\":\"#efc2bdff\",\"btn_color\":\"#222931ff\",\"btn_bg_color_hover\":\"#222931ff\",\"direction\":\"pagelayer-btn-anim-left\",\"btn_hover\":\"hover\",\"btn_color_hover\":\"#ffffffff\",\"btn_border_type\":\"solid\",\"btn_border_color\":\"#42414f\",\"btn_border_width\":\"0,0,0,0\",\"pagelayer-id\":\"7zr6497\"} \/--><!-- wp:pagelayer\/pl_btn {\"text\":\"Contact us\",\"align\":\"left\",\"type\":\"pagelayer-btn-anim\",\"size\":\"pagelayer-btn-small\",\"btn_hover_delay\":\"600\",\"icon_position\":\"pagelayer-btn-icon-left\",\"icon_spacing\":\"0\",\"link\":\"41\",\"btn_typo\":\",,,,,,Solid,,,,\",\"btn_custom_size\":\"25\",\"anim_type\":\"slide\",\"btn_bg_color\":\"#222931ff\",\"btn_color\":\"#ffffffff\",\"btn_bg_color_hover\":\"#222931ff\",\"direction\":\"pagelayer-btn-anim-left\",\"btn_hover\":\"hover\",\"btn_color_hover\":\"#ffffffff\",\"btn_border_type\":\"solid\",\"btn_border_color\":\"#42414f\",\"btn_border_width\":\"0,0,0,0\",\"pagelayer-id\":\"4yq6595\"} \/--><!-- \/wp:pagelayer\/pl_btn_grp --><!-- \/wp:pagelayer\/pl_col --><!-- \/wp:pagelayer\/pl_row -->\t\t\t\t\t\t<\/div>\n\t\t\t\t<\/div>\n\t\t\t\t\t<\/div>\n\t\t\t\t<\/div>\n\t\t<div class=\"elementor-element elementor-element-817e703 e-flex e-con-boxed e-con e-parent\" data-id=\"817e703\" data-element_type=\"container\">\n\t\t\t\t\t<div class=\"e-con-inner\">\n\t\t<div class=\"elementor-element elementor-element-9b02a7b e-con-full e-flex e-con e-child\" data-id=\"9b02a7b\" data-element_type=\"container\" data-settings=\"{&quot;background_background&quot;:&quot;classic&quot;}\">\n\t\t<div class=\"elementor-element elementor-element-8ad0152 e-con-full e-flex e-con e-child\" data-id=\"8ad0152\" data-element_type=\"container\" data-settings=\"{&quot;background_background&quot;:&quot;classic&quot;}\">\n\t\t\t\t<div class=\"elementor-element elementor-element-1216420 elementor-widget elementor-widget-image-box\" data-id=\"1216420\" data-element_type=\"widget\" data-widget_type=\"image-box.default\">\n\t\t\t\t<div class=\"elementor-widget-container\">\n\t\t\t<div class=\"elementor-image-box-wrapper\"><div class=\"elementor-image-box-content\"><h3 class=\"elementor-image-box-title\">SOBRE A AUDIODESCRI\u00c7\u00c3O AO VIVO<\/h3><p class=\"elementor-image-box-description\">O trabalho da audiodescri\u00e7\u00e3o ao vivo pode ser realizado por acompanhamento direto ao ouvinte (t\u00e9cnica de sopro) ou por meio de capta\u00e7\u00e3o da voz dos int\u00e9rpretes. utilizando transmissores e cabine ac\u00fastica.<br><br>Mesmo realizado simultaneamente \u00e0 apresenta\u00e7\u00e3o de um espet\u00e1culo,  palestra ou visita guiada, por exemplo,  o trabalho de audiodescri\u00e7\u00e3o pede a elabora\u00e7\u00e3o pr\u00e9via de um roteiro, com o estudo do tema e a valida\u00e7\u00e3o de um consultor.<br>\nPara o acesso \u00e0 audiodescri\u00e7\u00e3o simult\u00e2nea, o ouvinte necessitar\u00e1 do aux\u00edlio de receptores com fones de ouvido, conectados \u00e0 cabine ac\u00fastica.<\/p><\/div><\/div>\t\t<\/div>\n\t\t\t\t<\/div>\n\t\t\t\t<\/div>\n\t\t<div class=\"elementor-element elementor-element-c1d6f4b e-con-full e-flex e-con e-child\" data-id=\"c1d6f4b\" data-element_type=\"container\" data-settings=\"{&quot;background_background&quot;:&quot;classic&quot;}\">\n\t\t\t\t<div class=\"elementor-element elementor-element-4ead0f3 elementor-widget elementor-widget-image-box\" data-id=\"4ead0f3\" data-element_type=\"widget\" data-widget_type=\"image-box.default\">\n\t\t\t\t<div class=\"elementor-widget-container\">\n\t\t\t<div class=\"elementor-image-box-wrapper\"><div class=\"elementor-image-box-content\"><h3 class=\"elementor-image-box-title\">SOBRE UMA PRODU\u00c7\u00c3O COM COM COMUNICA\u00c7\u00c3O ACESS\u00cdVEL<\/h3><p class=\"elementor-image-box-description\">Um conte\u00fado com acessibilidade comunicacional precisa abranger as  linguagens que atendem \u00e0s diferentes demandas das pessoas com defici\u00eancia.\n<br>Para garantir uma comunica\u00e7\u00e3o eficaz, o ideal \u00e9 utilizar-se dos diferentes recursos oferecidos hoje pelo mercado, tamb\u00e9m no intuito de atender pessoas oralizadas ou n\u00e3o pelo idioma tratado no conte\u00fado.\n<br>Seja para um cont\u00e9udo gravado ou apresenta\u00e7\u00e3o ao vivo, a comunica\u00e7\u00e3o acess\u00edvel com os diferentes p\u00fablicos de interesse se faz necess\u00e1ria e deve ser trabalhada junto a profissionais capacitados e aos recursos que a viabilizam.<\/p><\/div><\/div>\t\t<\/div>\n\t\t\t\t<\/div>\n\t\t\t\t<\/div>\n\t\t<div class=\"elementor-element elementor-element-687c6bc e-con-full e-flex e-con e-child\" data-id=\"687c6bc\" data-element_type=\"container\" data-settings=\"{&quot;background_background&quot;:&quot;classic&quot;}\">\n\t\t\t\t<div class=\"elementor-element elementor-element-4ce79cd elementor-widget elementor-widget-image-box\" data-id=\"4ce79cd\" data-element_type=\"widget\" data-widget_type=\"image-box.default\">\n\t\t\t\t<div class=\"elementor-widget-container\">\n\t\t\t<div class=\"elementor-image-box-wrapper\"><div class=\"elementor-image-box-content\"><h3 class=\"elementor-image-box-title\">SOBRE AS DIFERENTES LINGUAGENS E RECURSOS<\/h3><p class=\"elementor-image-box-description\">LIBRAS: Linguagem utilizada por pessoas com defici\u00eancia auditiva para a comunica\u00e7\u00e3o com outras pessoas, sejam elas surdas ou ouvintes. \n <br>LSE - Legenda para Surdos e Ensurdecidos:  M\u00e9todo que transforma \u00e1udios - com suas diferentes especifica\u00e7\u00f5es - em texto. \u00c9 direcionado para pessoas surdas e com baixa audi\u00e7\u00e3o.\n<br>Audiodescri\u00e7\u00e3o: Recurso  que transforma o visual em verbal, por meio de informa\u00e7\u00e3o sonora. \u00c9 direcionado \u00e0s pessoas n\u00e3o-videntes e com baixa vis\u00e3o.\n<br>Braille: Sistema de escrita t\u00e1til utilizado por pessoas cegas ou com baixa vis\u00e3o.<\/p><\/div><\/div>\t\t<\/div>\n\t\t\t\t<\/div>\n\t\t\t\t<\/div>\n\t\t\t\t<\/div>\n\t\t\t\t\t<\/div>\n\t\t\t\t<\/div>\n\t\t<div class=\"elementor-element elementor-element-5181f52 e-flex e-con-boxed e-con e-parent\" data-id=\"5181f52\" data-element_type=\"container\">\n\t\t\t\t\t<div class=\"e-con-inner\">\n\t\t\t\t<div class=\"elementor-element elementor-element-7b16675 elementor-align-center elementor-widget elementor-widget-button\" data-id=\"7b16675\" data-element_type=\"widget\" data-widget_type=\"button.default\">\n\t\t\t\t<div class=\"elementor-widget-container\">\n\t\t\t\t\t<div class=\"elementor-button-wrapper\">\n\t\t\t<a class=\"elementor-button elementor-button-link elementor-size-sm\" href=\"https:\/\/paratodosverem.com.br\/novo\/contato\/\">\n\t\t\t\t\t\t<span class=\"elementor-button-content-wrapper\">\n\t\t\t\t\t\t\t\t\t<span class=\"elementor-button-text\">fale conosco<\/span>\n\t\t\t\t\t<\/span>\n\t\t\t\t\t<\/a>\n\t\t<\/div>\n\t\t\t\t<\/div>\n\t\t\t\t<\/div>\n\t\t\t\t\t<\/div>\n\t\t\t\t<\/div>\n\t\t\t\t<\/div>\n\t\t","protected":false},"excerpt":{"rendered":"<p>Comunica\u00e7\u00e3o acess\u00edvel para eventos A comunica\u00e7\u00e3o acess\u00edvel em eventos, sejam eles realizados ao vivo, online ou gravados, resulta da utiliza\u00e7\u00e3o dos recursos [&hellip;]<\/p>\n","protected":false},"author":1,"featured_media":0,"parent":0,"menu_order":0,"comment_status":"closed","ping_status":"closed","template":"","meta":{"footnotes":""},"class_list":["post-39","page","type-page","status-publish","hentry"],"_links":{"self":[{"href":"https:\/\/paratodosverem.com.br\/novo\/wp-json\/wp\/v2\/pages\/39","targetHints":{"allow":["GET"]}}],"collection":[{"href":"https:\/\/paratodosverem.com.br\/novo\/wp-json\/wp\/v2\/pages"}],"about":[{"href":"https:\/\/paratodosverem.com.br\/novo\/wp-json\/wp\/v2\/types\/page"}],"author":[{"embeddable":true,"href":"https:\/\/paratodosverem.com.br\/novo\/wp-json\/wp\/v2\/users\/1"}],"replies":[{"embeddable":true,"href":"https:\/\/paratodosverem.com.br\/novo\/wp-json\/wp\/v2\/comments?post=39"}],"version-history":[{"count":17,"href":"https:\/\/paratodosverem.com.br\/novo\/wp-json\/wp\/v2\/pages\/39\/revisions"}],"predecessor-version":[{"id":825,"href":"https:\/\/paratodosverem.com.br\/novo\/wp-json\/wp\/v2\/pages\/39\/revisions\/825"}],"wp:attachment":[{"href":"https:\/\/paratodosverem.com.br\/novo\/wp-json\/wp\/v2\/media?parent=39"}],"curies":[{"name":"wp","href":"https:\/\/api.w.org\/{rel}","templated":true}]}}